{"id":1516,"date":"2021-03-01T09:46:24","date_gmt":"2021-03-01T09:46:24","guid":{"rendered":"http:\/\/yedihukuk.com\/?page_id=1516"},"modified":"2021-03-01T09:46:27","modified_gmt":"2021-03-01T09:46:27","slug":"o-%d0%bd%d0%b0%d1%81","status":"publish","type":"page","link":"https:\/\/www.yedihukuk.com\/ru\/o-%d0%bd%d0%b0%d1%81\/","title":{"rendered":"O \u043d\u0430\u0441"},"content":{"rendered":"<div class=\"fusion-fullwidth fullwidth-box fusion-builder-row-1 nonhundred-percent-fullwidth non-hundred-percent-height-scrolling\" style=\"--awb-background-position:left top;--awb-border-sizes-top:0px;--awb-border-sizes-bottom:0px;--awb-border-sizes-left:0px;--awb-border-sizes-right:0px;--awb-border-radius-top-left:0px;--awb-border-radius-top-right:0px;--awb-border-radius-bottom-right:0px;--awb-border-radius-bottom-left:0px;--awb-padding-top:110px;--awb-padding-bottom:0px;--awb-flex-wrap:wrap;\" ><div class=\"fusion-builder-row fusion-row\"><div class=\"fusion-layout-column fusion_builder_column fusion-builder-column-0 fusion_builder_column_1_1 1_1 fusion-one-full fusion-column-first fusion-column-last fusion-column-no-min-height\" style=\"--awb-bg-size:cover;--awb-margin-bottom:0px;\"><div class=\"fusion-column-wrapper fusion-flex-column-wrapper-legacy\"><div class=\"fusion-sep-clear\"><\/div><div class=\"fusion-separator fusion-full-width-sep\" style=\"margin-left: auto;margin-right: auto;margin-top:0px;margin-bottom:0px;width:100%;\"><div class=\"fusion-separator-border sep-single sep-solid\" style=\"--awb-height:20px;--awb-amount:20px;--awb-sep-color:#55a098;border-color:#55a098;border-top-width:5px;\"><\/div><\/div><div class=\"fusion-sep-clear\"><\/div><div class=\"fusion-clearfix\"><\/div><\/div><\/div><div class=\"fusion-layout-column fusion_builder_column fusion-builder-column-1 fusion_builder_column_1_1 1_1 fusion-one-full fusion-column-first fusion-column-last green-border rounded-border\" style=\"--awb-padding-top:60px;--awb-padding-right:60px;--awb-padding-bottom:50px;--awb-padding-left:60px;--awb-bg-color:#ffffff;--awb-bg-color-hover:#ffffff;--awb-bg-size:cover;--awb-border-color:#e2e2e2;--awb-border-top:1px;--awb-border-right:1px;--awb-border-bottom:1px;--awb-border-left:1px;--awb-border-style:solid;\"><div class=\"fusion-column-wrapper fusion-flex-column-wrapper-legacy\"><div class=\"fusion-text fusion-text-1\"><p style=\"text-align: left;\"><img decoding=\"async\" class=\"alignleft wp-image-245 size-full\" style=\"margin-right: 60px;\" src=\"http:\/\/yedihukuk.com\/wp-content\/uploads\/2015\/02\/law_6-compressor.jpg\" alt=\"law_6-compressor\" width=\"300\" height=\"220\" \/><\/p>\n<h3 style=\"text-align: left; margin-top: -20px;\">HAKKIMIZDA<\/h3>\n<p style=\"text-align: left;\">Avukat Ahmet \u015eener G\u00dcLEN\u00c7 2000 y\u0131l\u0131nda \u0130stanbul Hukuk Fak\u00fcltesi, Hukuk B\u00f6l\u00fcm\u00fcn\u00fc bitirmi\u015ftir. 2005-2014 aras\u0131nda \u015eile Belediyesinde Avukat, Hukuk \u0130\u015fleri M\u00fcd\u00fcr\u00fc, Destek Hizmetleri M\u00fcd\u00fcr\u00fc, Mercank\u00f6\u015fk A.\u015e\u2019de Y\u00f6netim Kurulu \u00dcyesi olarak \u00e7al\u0131\u015fm\u0131\u015ft\u0131r.<\/p>\n<p style=\"text-align: left;\">Belediyede \u00e7al\u0131\u015ft\u0131\u011f\u0131 d\u00f6nemde avukatl\u0131k, Kamu \u0130hale ve Devlet \u0130hale Kanunu \u015fefli\u011fi, \u0130\u015fyeri A\u00e7ma ve \u00c7al\u0131\u015fma Ruhsat\u0131 sorumlulu\u011fu, Mercank\u00f6\u015fk A.\u015e Y\u00f6netim Kurulu \u00dcyeli\u011fi, \u015eirket Denetim Kurulu \u00fcyeli\u011fi, Destek Hizmetleri M\u00fcd\u00fcr\u00fc ve Hukuk \u0130\u015fleri M\u00fcd\u00fcr\u00fc olarak g\u00f6rev yapm\u0131\u015ft\u0131r.<\/p>\n<\/div><div class=\"fusion-text fusion-text-2\"><p style=\"text-align: justify;\">Kamuda uzun s\u00fcreli \u00e7al\u0131\u015fma sonucu K\u0131y\u0131 Hukuku Mevzuat\u0131, Maden Mevzuat\u0131, Orman Hukuku Mevzuat\u0131, 2B Mevzuat\u0131, Hazine Ta\u015f\u0131nmazlar\u0131 Mevzuat\u0131, Kadastro Mevzuat\u0131, \u0130mar Kanunu ve \u0130lgili mevzuat\u0131, \u0130mar Planlama Mevzuat\u0131, Ka\u00e7ak Yap\u0131, Gecekondu Mevzuat\u0131, Kamu \u0130hale Mevzuat\u0131, Devlet \u0130hale Kanunu Mevzuat\u0131, B\u00fcy\u00fck\u015fehir Belediye Mevzuat\u0131 ve Belediye Mevzuat\u0131 konusunda \u00e7al\u0131\u015fm\u0131\u015ft\u0131r. Bu d\u00f6nemde ihale mevzuat\u0131 ve kira mevzuat\u0131nda Bilirki\u015filik yapm\u0131\u015ft\u0131r<br \/>\n2014 y\u0131l\u0131ndan beri serbest piyasada ve serbest meslek olarak avukatl\u0131\u011fa devam etmektedir. Bu kapsamda \u00f6zellikle gayrimenkul davalar\u0131na y\u00f6nelmi\u015ftir. Gayrimenkul davalar\u0131 olarak bilinen kadastro davalar\u0131, Tapu \u0130ptal Tescil Davalar\u0131, Kat Kar\u015f\u0131l\u0131\u011f\u0131 \u0130n\u015faat S\u00f6zle\u015fmesinden Kaynaklanan davalar, Kentsel D\u00f6n\u00fc\u015f\u00fcm Davalar\u0131, Ortakl\u0131\u011f\u0131n giderilmesi, \u00d6nal\u0131m, Gerial\u0131m ve di\u011fer gayrimenkul davalar\u0131nda \u00e7al\u0131\u015fmaktad\u0131r. Osmanl\u0131 d\u00f6nemi tapulardan kaynaklanan davalarla, atik kay\u0131tlar\u0131n\u0131n okunmas\u0131, ve veraset ilamlar\u0131 konusunda yo\u011fun olarak \u00e7al\u0131\u015fmaktad\u0131r. \u00d6zel ki\u015filerin ve t\u00fczel ki\u015filerin gayrimenkul konusunda ya\u015fayaca\u011f\u0131 sorunlara hukuki yard\u0131mda bulunmak \u00fczere olu\u015fturulmu\u015f bir hukuk b\u00fcrosu olarak \u00e7al\u0131\u015fmaktay\u0131z.<br \/>\nBunun yan\u0131nda \u015firketlere dan\u0131\u015fmanl\u0131k yapmaktay\u0131z. Bu kapsamda \u015firketlerin incelenmesi, yeniden organize edilmesi, \u0130\u015f Hukuku sorunlar\u0131, Alacak sorunlar\u0131, s\u00f6zle\u015fmelerinin incelenmesi gibi konularda ekibimiz ile profesyonel olarak ilgilenmekteyiz. K\u0131saca b\u00fcromuz \u015firketler hukuku, gayrimenkul hukuku, idare ve Vergi hukuku ile icra hukuku alan\u0131nda \u00e7al\u0131\u015fmaktad\u0131r.<\/p>\n<\/div><div class=\"fusion-sep-clear\"><\/div><div class=\"fusion-separator fusion-full-width-sep\" style=\"margin-left: auto;margin-right: auto;margin-top:15px;margin-bottom:0px;width:100%;\"><\/div><div class=\"fusion-sep-clear\"><\/div><div class=\"fusion-clearfix\"><\/div><\/div><\/div><\/div><\/div>\n","protected":false},"excerpt":{"rendered":"","protected":false},"author":1,"featured_media":0,"parent":0,"menu_order":20,"comment_status":"closed","ping_status":"closed","template":"100-width.php","meta":{"footnotes":""},"class_list":["post-1516","page","type-page","status-publish","hentry"],"yoast_head":"<!-- This site is optimized with the Yoast SEO plugin v27.3 - https:\/\/yoast.com\/product\/yoast-seo-wordpress\/ -->\n<title>O \u043d\u0430\u0441 - Yedi Hukuk<\/title>\n<meta name=\"robots\" content=\"index, follow, max-snippet:-1, max-image-preview:large, max-video-preview:-1\" \/>\n<link rel=\"canonical\" href=\"https:\/\/www.yedihukuk.com\/hakkimizda\/\" \/>\n<meta property=\"og:locale\" content=\"ru_RU\" \/>\n<meta property=\"og:type\" content=\"article\" \/>\n<meta property=\"og:title\" content=\"O \u043d\u0430\u0441 - Yedi Hukuk\" \/>\n<meta property=\"og:url\" content=\"https:\/\/www.yedihukuk.com\/hakkimizda\/\" \/>\n<meta property=\"og:site_name\" content=\"Yedi Hukuk\" \/>\n<meta property=\"article:modified_time\" content=\"2021-03-01T09:46:27+00:00\" \/>\n<meta property=\"og:image\" content=\"http:\/\/yedihukuk.com\/wp-content\/uploads\/2015\/02\/law_6-compressor.jpg\" \/>\n<meta name=\"twitter:card\" content=\"summary_large_image\" \/>\n<meta name=\"twitter:label1\" content=\"\u041f\u0440\u0438\u043c\u0435\u0440\u043d\u043e\u0435 \u0432\u0440\u0435\u043c\u044f \u0434\u043b\u044f \u0447\u0442\u0435\u043d\u0438\u044f\" \/>\n\t<meta name=\"twitter:data1\" content=\"4 \u043c\u0438\u043d\u0443\u0442\u044b\" \/>\n<script type=\"application\/ld+json\" class=\"yoast-schema-graph\">{\"@context\":\"https:\\\/\\\/schema.org\",\"@graph\":[{\"@type\":\"WebPage\",\"@id\":\"https:\\\/\\\/www.yedihukuk.com\\\/hakkimizda\\\/\",\"url\":\"https:\\\/\\\/www.yedihukuk.com\\\/hakkimizda\\\/\",\"name\":\"O \u043d\u0430\u0441 - Yedi Hukuk\",\"isPartOf\":{\"@id\":\"https:\\\/\\\/www.yedihukuk.com\\\/#website\"},\"primaryImageOfPage\":{\"@id\":\"https:\\\/\\\/www.yedihukuk.com\\\/hakkimizda\\\/#primaryimage\"},\"image\":{\"@id\":\"https:\\\/\\\/www.yedihukuk.com\\\/hakkimizda\\\/#primaryimage\"},\"thumbnailUrl\":\"http:\\\/\\\/yedihukuk.com\\\/wp-content\\\/uploads\\\/2015\\\/02\\\/law_6-compressor.jpg\",\"datePublished\":\"2021-03-01T09:46:24+00:00\",\"dateModified\":\"2021-03-01T09:46:27+00:00\",\"breadcrumb\":{\"@id\":\"https:\\\/\\\/www.yedihukuk.com\\\/hakkimizda\\\/#breadcrumb\"},\"inLanguage\":\"ru-RU\",\"potentialAction\":[{\"@type\":\"ReadAction\",\"target\":[\"https:\\\/\\\/www.yedihukuk.com\\\/hakkimizda\\\/\"]}]},{\"@type\":\"ImageObject\",\"inLanguage\":\"ru-RU\",\"@id\":\"https:\\\/\\\/www.yedihukuk.com\\\/hakkimizda\\\/#primaryimage\",\"url\":\"http:\\\/\\\/yedihukuk.com\\\/wp-content\\\/uploads\\\/2015\\\/02\\\/law_6-compressor.jpg\",\"contentUrl\":\"http:\\\/\\\/yedihukuk.com\\\/wp-content\\\/uploads\\\/2015\\\/02\\\/law_6-compressor.jpg\"},{\"@type\":\"BreadcrumbList\",\"@id\":\"https:\\\/\\\/www.yedihukuk.com\\\/hakkimizda\\\/#breadcrumb\",\"itemListElement\":[{\"@type\":\"ListItem\",\"position\":1,\"name\":\"Ana sayfa\",\"item\":\"https:\\\/\\\/www.yedihukuk.com\\\/ru\\\/\"},{\"@type\":\"ListItem\",\"position\":2,\"name\":\"O \u043d\u0430\u0441\"}]},{\"@type\":\"WebSite\",\"@id\":\"https:\\\/\\\/www.yedihukuk.com\\\/#website\",\"url\":\"https:\\\/\\\/www.yedihukuk.com\\\/\",\"name\":\"Yedi Hukuk\",\"description\":\"Gayrimenkul Hukuku\",\"potentialAction\":[{\"@type\":\"SearchAction\",\"target\":{\"@type\":\"EntryPoint\",\"urlTemplate\":\"https:\\\/\\\/www.yedihukuk.com\\\/?s={search_term_string}\"},\"query-input\":{\"@type\":\"PropertyValueSpecification\",\"valueRequired\":true,\"valueName\":\"search_term_string\"}}],\"inLanguage\":\"ru-RU\"}]}<\/script>\n<!-- \/ Yoast SEO plugin. -->","yoast_head_json":{"title":"O \u043d\u0430\u0441 - Yedi Hukuk","robots":{"index":"index","follow":"follow","max-snippet":"max-snippet:-1","max-image-preview":"max-image-preview:large","max-video-preview":"max-video-preview:-1"},"canonical":"https:\/\/www.yedihukuk.com\/hakkimizda\/","og_locale":"ru_RU","og_type":"article","og_title":"O \u043d\u0430\u0441 - Yedi Hukuk","og_url":"https:\/\/www.yedihukuk.com\/hakkimizda\/","og_site_name":"Yedi Hukuk","article_modified_time":"2021-03-01T09:46:27+00:00","og_image":[{"url":"http:\/\/yedihukuk.com\/wp-content\/uploads\/2015\/02\/law_6-compressor.jpg","type":"","width":"","height":""}],"twitter_card":"summary_large_image","twitter_misc":{"\u041f\u0440\u0438\u043c\u0435\u0440\u043d\u043e\u0435 \u0432\u0440\u0435\u043c\u044f \u0434\u043b\u044f \u0447\u0442\u0435\u043d\u0438\u044f":"4 \u043c\u0438\u043d\u0443\u0442\u044b"},"schema":{"@context":"https:\/\/schema.org","@graph":[{"@type":"WebPage","@id":"https:\/\/www.yedihukuk.com\/hakkimizda\/","url":"https:\/\/www.yedihukuk.com\/hakkimizda\/","name":"O \u043d\u0430\u0441 - Yedi Hukuk","isPartOf":{"@id":"https:\/\/www.yedihukuk.com\/#website"},"primaryImageOfPage":{"@id":"https:\/\/www.yedihukuk.com\/hakkimizda\/#primaryimage"},"image":{"@id":"https:\/\/www.yedihukuk.com\/hakkimizda\/#primaryimage"},"thumbnailUrl":"http:\/\/yedihukuk.com\/wp-content\/uploads\/2015\/02\/law_6-compressor.jpg","datePublished":"2021-03-01T09:46:24+00:00","dateModified":"2021-03-01T09:46:27+00:00","breadcrumb":{"@id":"https:\/\/www.yedihukuk.com\/hakkimizda\/#breadcrumb"},"inLanguage":"ru-RU","potentialAction":[{"@type":"ReadAction","target":["https:\/\/www.yedihukuk.com\/hakkimizda\/"]}]},{"@type":"ImageObject","inLanguage":"ru-RU","@id":"https:\/\/www.yedihukuk.com\/hakkimizda\/#primaryimage","url":"http:\/\/yedihukuk.com\/wp-content\/uploads\/2015\/02\/law_6-compressor.jpg","contentUrl":"http:\/\/yedihukuk.com\/wp-content\/uploads\/2015\/02\/law_6-compressor.jpg"},{"@type":"BreadcrumbList","@id":"https:\/\/www.yedihukuk.com\/hakkimizda\/#breadcrumb","itemListElement":[{"@type":"ListItem","position":1,"name":"Ana sayfa","item":"https:\/\/www.yedihukuk.com\/ru\/"},{"@type":"ListItem","position":2,"name":"O \u043d\u0430\u0441"}]},{"@type":"WebSite","@id":"https:\/\/www.yedihukuk.com\/#website","url":"https:\/\/www.yedihukuk.com\/","name":"Yedi Hukuk","description":"Gayrimenkul Hukuku","potentialAction":[{"@type":"SearchAction","target":{"@type":"EntryPoint","urlTemplate":"https:\/\/www.yedihukuk.com\/?s={search_term_string}"},"query-input":{"@type":"PropertyValueSpecification","valueRequired":true,"valueName":"search_term_string"}}],"inLanguage":"ru-RU"}]}},"_links":{"self":[{"href":"https:\/\/www.yedihukuk.com\/ru\/wp-json\/wp\/v2\/pages\/1516","targetHints":{"allow":["GET"]}}],"collection":[{"href":"https:\/\/www.yedihukuk.com\/ru\/wp-json\/wp\/v2\/pages"}],"about":[{"href":"https:\/\/www.yedihukuk.com\/ru\/wp-json\/wp\/v2\/types\/page"}],"author":[{"embeddable":true,"href":"https:\/\/www.yedihukuk.com\/ru\/wp-json\/wp\/v2\/users\/1"}],"replies":[{"embeddable":true,"href":"https:\/\/www.yedihukuk.com\/ru\/wp-json\/wp\/v2\/comments?post=1516"}],"version-history":[{"count":3,"href":"https:\/\/www.yedihukuk.com\/ru\/wp-json\/wp\/v2\/pages\/1516\/revisions"}],"predecessor-version":[{"id":1553,"href":"https:\/\/www.yedihukuk.com\/ru\/wp-json\/wp\/v2\/pages\/1516\/revisions\/1553"}],"wp:attachment":[{"href":"https:\/\/www.yedihukuk.com\/ru\/wp-json\/wp\/v2\/media?parent=1516"}],"curies":[{"name":"wp","href":"https:\/\/api.w.org\/{rel}","templated":true}]}}